{"id":1021,"date":"2025-11-21T21:20:43","date_gmt":"2025-11-21T21:20:43","guid":{"rendered":"https:\/\/ikarusfx.com\/site\/?page_id=1021"},"modified":"2025-11-21T21:20:44","modified_gmt":"2025-11-21T21:20:44","slug":"politica-de-privacidad","status":"publish","type":"page","link":"https:\/\/ikarusfx.com\/site\/politica-de-privacidad\/","title":{"rendered":"Politica de Privacidad"},"content":{"rendered":"\n<p><em>\u00daltima actualizaci\u00f3n: 10 de noviembre de 2025<\/em><\/p>\n\n\n\n<h1 class=\"wp-block-heading\">Introducci\u00f3n<\/h1>\n\n\n\n<p>En IkarusFx valoramos la confianza de nuestros clientes y respetamos su privacidad, por lo que nos comprometemos a proteger su informaci\u00f3n. Esta Pol\u00edtica de Privacidad explica c\u00f3mo recopilamos, utilizamos, almacenamos y protegemos la informaci\u00f3n personal de quienes utilizan nuestros servicios a trav\u00e9s del sitio web https:\/\/<a href=\"http:\/\/www.ikarusfx.com\/\">www.ikarusfx.com,<\/a> su versi\u00f3n en l\u00ednea y\/o app m\u00f3vil.<\/p>\n\n\n\n<p>Como entidad debidamente registrada y regulada por la Autoridad de Servicios Financieros Internacionales de Santa Luc\u00eda <em>(International Financial Services Authority &#8211; IFSA<\/em>), bajo el n\u00famero de certificado <strong>2025-00303, <\/strong>Ikarus FX (IkarusLTD) est\u00e1 obligado a cumplir con las leyes y normativas locales de protecci\u00f3n de datos y con los est\u00e1ndares internacionales aplicables al sector financiero.<\/p>\n\n\n\n<p>IkarusFx (IkarusLTD) tiene como objetivo ofrecer una experiencia segura, transparente y confiable, garantizando que su informaci\u00f3n sea tratada con el m\u00e1ximo cuidado y confidencialidad.<\/p>\n\n\n\n<h1 class=\"wp-block-heading\">Informaci\u00f3n Recopilada<\/h1>\n\n\n\n<p>Con la finalidad de brindarle nuestros servicios de forma segura y cumplir con nuestras obligaciones legales, podemos recopilar los siguientes tipos de informaci\u00f3n personal:<\/p>\n\n\n\n<ul class=\"wp-block-list\">\n<li><strong>Datos de identificaci\u00f3n: <\/strong>nombre completo, fecha de nacimiento, nacionalidad, n\u00famero de identificaci\u00f3n, licencia o pasaporte.<\/li>\n<\/ul>\n\n\n\n<ul class=\"wp-block-list\">\n<li><strong>Datos<\/strong><strong>\u00a0\u00a0 de\u00a0\u00a0\u00a0 contacto:\u00a0\u00a0 <\/strong>direcci\u00f3n,\u00a0\u00a0\u00a0\u00a0\u00a0\u00a0\u00a0\u00a0\u00a0 n\u00famero\u00a0\u00a0\u00a0\u00a0\u00a0\u00a0\u00a0\u00a0\u00a0\u00a0 de\u00a0\u00a0\u00a0\u00a0\u00a0\u00a0\u00a0\u00a0\u00a0 tel\u00e9fono\u00a0\u00a0\u00a0\u00a0\u00a0\u00a0\u00a0\u00a0\u00a0 y\u00a0\u00a0\u00a0\u00a0\u00a0\u00a0\u00a0\u00a0\u00a0 correo electr\u00f3nico.<\/li>\n<\/ul>\n\n\n\n<ul class=\"wp-block-list\">\n<li><strong>Informaci\u00f3n<\/strong><strong> <\/strong><strong>financiera:<\/strong><strong> <\/strong>datos bancarios, historial de dep\u00f3sitos y retiros, origen de fondos.<\/li>\n<\/ul>\n\n\n\n<ul class=\"wp-block-list\">\n<li><strong>Documentos KYC\/AML: <\/strong>comprobante de identidad y de domicilio.<\/li>\n<\/ul>\n\n\n\n<ul class=\"wp-block-list\">\n<li><strong>Informaci\u00f3n t\u00e9cnica: <\/strong>direcci\u00f3n IP, tipo de dispositivo, navegador, sistema operativo y datos de uso del sitio web.<\/li>\n<\/ul>\n\n\n\n<p><strong>Toda<\/strong><strong> <\/strong><strong>la<\/strong><strong> <\/strong><strong>informaci\u00f3n<\/strong><strong> <\/strong><strong>recopilada<\/strong><strong> <\/strong><strong>se<\/strong><strong> <\/strong><strong>utiliza<\/strong><strong> <\/strong><strong>exclusivamente<\/strong><strong> <\/strong><strong>con<\/strong><strong> <\/strong><strong>fines<\/strong><strong> <\/strong><strong>leg\u00edtimos <\/strong><strong>y conforme a la legislaci\u00f3n vigente en materia de protecci\u00f3n de datos y prevenci\u00f3n de lavado de dinero.<\/strong><\/p>\n\n\n\n<h1 class=\"wp-block-heading\">Uso de la informaci\u00f3n<\/h1>\n\n\n\n<p>Los datos personales se utilizan para los siguientes fines:<\/p>\n\n\n\n<ul class=\"wp-block-list\">\n<li>Verificar la identidad del cliente (procedimiento <strong>KYC<\/strong><strong> <\/strong><strong>\/<\/strong><strong> <\/strong><strong>AML<\/strong>).<\/li>\n\n\n\n<li>Abrir y mantener cuentas de trading.<\/li>\n\n\n\n<li>Procesar dep\u00f3sitos, retiros y transacciones comerciales.<\/li>\n\n\n\n<li>Cumplir con las obligaciones legales y regulatorias establecidas por<\/li>\n<\/ul>\n\n\n\n<p><strong>IFSA<\/strong><strong> de Santa Luc\u00eda <\/strong>y otras autoridades competentes.<\/p>\n\n\n\n<ul class=\"wp-block-list\">\n<li>Ofrecer soporte t\u00e9cnico y atenci\u00f3n al cliente.<\/li>\n\n\n\n<li>Enviar notificaciones importantes relacionadas con la cuenta o los servicios.<\/li>\n\n\n\n<li>Mejorar la experiencia y servicio para el cliente, nuestros productos y la seguridad del sitio.<\/li>\n<\/ul>\n\n\n\n<p>No utilizaremos tus datos personales para fines distintos a los establecidos en esta Pol\u00edtica sin tu consentimiento previo.<\/p>\n\n\n\n<h1 class=\"wp-block-heading\">Base Legal<\/h1>\n\n\n\n<p>Toda informaci\u00f3n personal se procesa seg\u00fan los siguientes principios:<\/p>\n\n\n\n<ul class=\"wp-block-list\">\n<li>Consentimiento expreso al registrarte y\/o usar nuestros servicios.<\/li>\n\n\n\n<li>Entendimiento y aceptaci\u00f3n de T\u00e9rminos y Condiciones<\/li>\n\n\n\n<li>El cumplimiento de obligaciones legales y regulatorias, especialmente las relacionadas con la prevenci\u00f3n del lavado de dinero y financiamiento del terrorismo.<\/li>\n\n\n\n<li>Nuestros intereses leg\u00edtimos en mejorar los servicios, mantener la seguridad y prevenir el fraude.<\/li>\n<\/ul>\n\n\n\n<h1 class=\"wp-block-heading\">Divulgaci\u00f3n de informaci\u00f3n<\/h1>\n\n\n\n<p>Podemos compartir informaci\u00f3n personal \u00fanicamente con:<\/p>\n\n\n\n<ul class=\"wp-block-list\">\n<li>Autoridades regulatorias o judiciales, cuando sea requerido por cuestiones normativas.<\/li>\n\n\n\n<li>Proveedores externos que nos ayudan a prestar nuestros servicios.<\/li>\n\n\n\n<li>Socios\u00a0\u00a0 comerciales\u00a0\u00a0 y\u00a0\u00a0 afiliados,\u00a0\u00a0\u00a0\u00a0\u00a0\u00a0\u00a0\u00a0\u00a0\u00a0\u00a0 bajo\u00a0\u00a0\u00a0\u00a0\u00a0\u00a0\u00a0\u00a0\u00a0\u00a0\u00a0\u00a0\u00a0 estrictos\u00a0\u00a0\u00a0\u00a0\u00a0\u00a0\u00a0\u00a0\u00a0\u00a0\u00a0 acuerdos\u00a0\u00a0\u00a0\u00a0\u00a0\u00a0 de confidencialidad y protecci\u00f3n de datos.<\/li>\n<\/ul>\n\n\n\n<p><strong>Ikarus FX no vende, alquila ni comercia con informaci\u00f3n personal <\/strong>en ninguna circunstancia.<\/p>\n\n\n\n<h1 class=\"wp-block-heading\">Transferencias Internacionales de Datos<\/h1>\n\n\n\n<p>Los datos pueden ser transferidos y almacenados en servidores ubicados fuera de Santa Luc\u00eda. En esos casos, <strong>IkarusFX <\/strong>adopta todas las medidas razonables de seguridad para asegurar que los datos se mantengan protegidos y tratados conforme a esta Pol\u00edtica y a las normas internacionales de protecci\u00f3n de datos.<\/p>\n\n\n\n<h1 class=\"wp-block-heading\">Seguridad de la Informaci\u00f3n<\/h1>\n\n\n\n<p>Implementamos medidas t\u00e9cnicas y organizativas adecuadas para proteger tu informaci\u00f3n personal contra el acceso no autorizado, uso indebido, alteraci\u00f3n o p\u00e9rdida.<\/p>\n\n\n\n<p>El acceso a tus datos est\u00e1 restringido \u00fanicamente a personal autorizado que necesita esa informaci\u00f3n para desempe\u00f1ar sus funciones.<\/p>\n\n\n\n<h1 class=\"wp-block-heading\">Conservaci\u00f3n de los datos<\/h1>\n\n\n\n<p>Conservamos los datos personales solo durante el tiempo necesario para cumplir con:<\/p>\n\n\n\n<ul class=\"wp-block-list\">\n<li>Las finalidades para las cuales fueron recopilados.<\/li>\n\n\n\n<li>Las obligaciones legales, regulatorias y contractuales vigentes.<\/li>\n<\/ul>\n\n\n\n<p>Una vez cumplido ese plazo, los datos se eliminan de forma segura e inmediata.<\/p>\n\n\n\n<h1 class=\"wp-block-heading\">Derechos del cliente<\/h1>\n\n\n\n<p>Cualquier cliente tiene el derecho a:<\/p>\n\n\n\n<ul class=\"wp-block-list\">\n<li>Acceder a sus datos personales.<\/li>\n\n\n\n<li>Solicitar la correcci\u00f3n o actualizaci\u00f3n de informaci\u00f3n inexacta.<\/li>\n<\/ul>\n\n\n\n<ul class=\"wp-block-list\">\n<li>Pedir la eliminaci\u00f3n o restricci\u00f3n del tratamiento de tus datos, salvo en los casos en que la ley exija su conservaci\u00f3n.<\/li>\n<\/ul>\n\n\n\n<p>Las&nbsp;&nbsp;&nbsp; solicitudes&nbsp;&nbsp;&nbsp; pueden&nbsp;&nbsp;&nbsp;&nbsp; enviarse&nbsp;&nbsp;&nbsp; por&nbsp;&nbsp;&nbsp;&nbsp;&nbsp;&nbsp;&nbsp;&nbsp; correo&nbsp;&nbsp;&nbsp;&nbsp;&nbsp;&nbsp;&nbsp;&nbsp; electr\u00f3nico a:<\/p>\n\n\n\n<p><a href=\"mailto:info@ikarusfx.com\"><em>info@ikarusfx.com<\/em><\/a><em><\/em><\/p>\n\n\n\n<h1 class=\"wp-block-heading\">Actualizaciones<\/h1>\n\n\n\n<p>IkarusFx (IkarusLTD) se reserva el derecho de modificar y\/o actualizar esta Pol\u00edtica de Privacidad en cualquier momento. Cualquier cambio se publicar\u00e1 en esta misma p\u00e1gina, con la fecha de \u00faltima actualizaci\u00f3n visible al inicio del documento.<\/p>\n\n\n\n<h1 class=\"wp-block-heading\">Contacto<\/h1>\n\n\n\n<p>Si tienes preguntas, comentarios o reclamos relacionados con esta Pol\u00edtica de Privacidad o con el manejo de tus datos personales, puedes contactarnos en:<\/p>\n\n\n\n<ul class=\"wp-block-list\">\n<li>Email: <a href=\"mailto:info@ikarusfx.com\">info@ikarusfx.com<\/a><\/li>\n\n\n\n<li>Tel\u00e9fono: +52 55 88 98 14 35<\/li>\n<\/ul>\n","protected":false},"excerpt":{"rendered":"<p>\u00daltima actualizaci\u00f3n: 10 de noviembre de 2025 Introducci\u00f3n En IkarusFx valoramos la confianza de nuestros clientes y respetamos su privacidad, por lo que nos comprometemos a proteger su informaci\u00f3n. Esta Pol\u00edtica de Privacidad explica c\u00f3mo recopilamos, utilizamos, almacenamos y protegemos la informaci\u00f3n personal de quienes utilizan nuestros servicios a trav\u00e9s del sitio web https:\/\/www.ikarusfx.com, su [&hellip;]<\/p>\n","protected":false},"author":2,"featured_media":0,"parent":0,"menu_order":0,"comment_status":"closed","ping_status":"closed","template":"","meta":{"inline_featured_image":false,"footnotes":""},"class_list":["post-1021","page","type-page","status-publish","hentry"],"_links":{"self":[{"href":"https:\/\/ikarusfx.com\/site\/wp-json\/wp\/v2\/pages\/1021","targetHints":{"allow":["GET"]}}],"collection":[{"href":"https:\/\/ikarusfx.com\/site\/wp-json\/wp\/v2\/pages"}],"about":[{"href":"https:\/\/ikarusfx.com\/site\/wp-json\/wp\/v2\/types\/page"}],"author":[{"embeddable":true,"href":"https:\/\/ikarusfx.com\/site\/wp-json\/wp\/v2\/users\/2"}],"replies":[{"embeddable":true,"href":"https:\/\/ikarusfx.com\/site\/wp-json\/wp\/v2\/comments?post=1021"}],"version-history":[{"count":1,"href":"https:\/\/ikarusfx.com\/site\/wp-json\/wp\/v2\/pages\/1021\/revisions"}],"predecessor-version":[{"id":1022,"href":"https:\/\/ikarusfx.com\/site\/wp-json\/wp\/v2\/pages\/1021\/revisions\/1022"}],"wp:attachment":[{"href":"https:\/\/ikarusfx.com\/site\/wp-json\/wp\/v2\/media?parent=1021"}],"curies":[{"name":"wp","href":"https:\/\/api.w.org\/{rel}","templated":true}]}}