{"id":536,"date":"2025-05-19T16:02:45","date_gmt":"2025-05-19T16:02:45","guid":{"rendered":"https:\/\/preview.mrselmani.com\/?page_id=536"},"modified":"2025-10-17T13:06:17","modified_gmt":"2025-10-17T13:06:17","slug":"empresa","status":"publish","type":"page","link":"https:\/\/ikarusfx.com\/site\/empresa\/","title":{"rendered":"Empresa"},"content":{"rendered":"\t\t<div data-elementor-type=\"wp-page\" data-elementor-id=\"536\" class=\"elementor elementor-536\" data-elementor-post-type=\"page\">\n\t\t\t\t<div class=\"elementor-element elementor-element-f726130 e-flex e-con-boxed e-con e-parent\" data-id=\"f726130\" data-element_type=\"container\" data-settings=\"{&quot;background_background&quot;:&quot;classic&quot;}\">\n\t\t\t\t\t<div class=\"e-con-inner\">\n\t\t\t\t<div class=\"elementor-element elementor-element-e11cf37 elementor-widget__width-initial elementor-widget-mobile__width-initial elementor-widget elementor-widget-heading\" data-id=\"e11cf37\" data-element_type=\"widget\" data-widget_type=\"heading.default\">\n\t\t\t\t<div class=\"elementor-widget-container\">\n\t\t\t\t\t<h2 class=\"elementor-heading-title elementor-size-default\">El primer Broker mexicano de Forex.<\/h2>\t\t\t\t<\/div>\n\t\t\t\t<\/div>\n\t\t\t\t\t<\/div>\n\t\t\t\t<\/div>\n\t\t<div class=\"elementor-element elementor-element-0d62538 e-flex e-con-boxed e-con e-parent\" data-id=\"0d62538\" data-element_type=\"container\" data-settings=\"{&quot;background_background&quot;:&quot;classic&quot;}\">\n\t\t\t\t\t<div class=\"e-con-inner\">\n\t\t<div class=\"elementor-element elementor-element-82c33e4 e-con-full e-flex e-con e-child\" data-id=\"82c33e4\" data-element_type=\"container\">\n\t\t\t\t<div class=\"elementor-element elementor-element-f8f1fd9 elementor-widget elementor-widget-heading\" data-id=\"f8f1fd9\" data-element_type=\"widget\" data-widget_type=\"heading.default\">\n\t\t\t\t<div class=\"elementor-widget-container\">\n\t\t\t\t\t<h2 class=\"elementor-heading-title elementor-size-default\">Una plataforma para tus inversiones. <\/h2>\t\t\t\t<\/div>\n\t\t\t\t<\/div>\n\t\t\t\t<div class=\"elementor-element elementor-element-c1f2e51 elementor-widget elementor-widget-heading\" data-id=\"c1f2e51\" data-element_type=\"widget\" data-widget_type=\"heading.default\">\n\t\t\t\t<div class=\"elementor-widget-container\">\n\t\t\t\t\t<p class=\"elementor-heading-title elementor-size-default\">Ikarus Fx est\u00e1 dise\u00f1ada para brindarte una experiencia intuitiva e inteligente de inversi\u00f3n que impulse tu portafolio a nuevas alturas. Somos una empresa responsable que busca ofrecer a tus clientes los mejores instrumentos de inversi\u00f3n disponibles en mercados nacionales e internacionales. <\/p>\t\t\t\t<\/div>\n\t\t\t\t<\/div>\n\t\t\t\t<\/div>\n\t\t<div class=\"elementor-element elementor-element-12a44f5 e-con-full e-flex e-con e-child\" data-id=\"12a44f5\" data-element_type=\"container\" data-settings=\"{&quot;background_background&quot;:&quot;classic&quot;}\">\n\t\t\t\t<\/div>\n\t\t\t\t\t<\/div>\n\t\t\t\t<\/div>\n\t\t<div class=\"elementor-element elementor-element-79e636b e-flex e-con-boxed e-con e-parent\" data-id=\"79e636b\" data-element_type=\"container\" data-settings=\"{&quot;background_background&quot;:&quot;classic&quot;}\">\n\t\t\t\t\t<div class=\"e-con-inner\">\n\t\t<div class=\"elementor-element elementor-element-ea3c29a e-con-full e-flex e-con e-child\" data-id=\"ea3c29a\" data-element_type=\"container\">\n\t\t\t\t<div class=\"elementor-element elementor-element-eda823a elementor-widget-mobile__width-initial elementor-widget elementor-widget-heading\" data-id=\"eda823a\" data-element_type=\"widget\" data-widget_type=\"heading.default\">\n\t\t\t\t<div class=\"elementor-widget-container\">\n\t\t\t\t\t<h2 class=\"elementor-heading-title elementor-size-default\">Comprometidos con tu futuro.<\/h2>\t\t\t\t<\/div>\n\t\t\t\t<\/div>\n\t\t\t\t<div class=\"elementor-element elementor-element-eb192fd elementor-widget-mobile__width-initial elementor-widget elementor-widget-heading\" data-id=\"eb192fd\" data-element_type=\"widget\" data-widget_type=\"heading.default\">\n\t\t\t\t<div class=\"elementor-widget-container\">\n\t\t\t\t\t<p class=\"elementor-heading-title elementor-size-default\">Ikarus Fx est\u00e1 comprometido con el impulso financiero de personas y organizaciones en M\u00e9xico, a trav\u00e9s de una plataforma moderna y confiable; que les permita hacer transacciones de trading en cualquier lugar y horario que lo deseen. <\/p>\t\t\t\t<\/div>\n\t\t\t\t<\/div>\n\t\t\t\t<\/div>\n\t\t\t\t\t<\/div>\n\t\t\t\t<\/div>\n\t\t<div class=\"elementor-element elementor-element-41b3318 e-flex e-con-boxed e-con e-parent\" data-id=\"41b3318\" data-element_type=\"container\">\n\t\t\t\t\t<div class=\"e-con-inner\">\n\t\t\t\t<div class=\"elementor-element elementor-element-2a29a93 elementor-widget__width-inherit elementor-widget elementor-widget-image\" data-id=\"2a29a93\" data-element_type=\"widget\" data-widget_type=\"image.default\">\n\t\t\t\t<div class=\"elementor-widget-container\">\n\t\t\t\t\t\t\t\t\t\t\t\t\t\t\t<img fetchpriority=\"high\" decoding=\"async\" width=\"800\" height=\"253\" src=\"https:\/\/ikarusfx.com\/site\/wp-content\/uploads\/2025\/05\/ooei-1024x324.png\" class=\"attachment-large size-large wp-image-29\" alt=\"\" srcset=\"https:\/\/ikarusfx.com\/site\/wp-content\/uploads\/2025\/05\/ooei-1024x324.png 1024w, https:\/\/ikarusfx.com\/site\/wp-content\/uploads\/2025\/05\/ooei-300x95.png 300w, https:\/\/ikarusfx.com\/site\/wp-content\/uploads\/2025\/05\/ooei-768x243.png 768w, https:\/\/ikarusfx.com\/site\/wp-content\/uploads\/2025\/05\/ooei.png 1216w\" sizes=\"(max-width: 800px) 100vw, 800px\" \/>\t\t\t\t\t\t\t\t\t\t\t\t\t\t\t<\/div>\n\t\t\t\t<\/div>\n\t\t<div class=\"elementor-element elementor-element-d3d69b9 e-con-full e-flex e-con e-child\" data-id=\"d3d69b9\" data-element_type=\"container\">\n\t\t<div class=\"elementor-element elementor-element-40b0234 e-con-full e-flex e-con e-child\" data-id=\"40b0234\" data-element_type=\"container\">\n\t\t\t\t<div class=\"elementor-element elementor-element-b4512ae elementor-widget elementor-widget-heading\" data-id=\"b4512ae\" data-element_type=\"widget\" data-widget_type=\"heading.default\">\n\t\t\t\t<div class=\"elementor-widget-container\">\n\t\t\t\t\t<h2 class=\"elementor-heading-title elementor-size-default\">Plataforma intuitiva y accesible<\/h2>\t\t\t\t<\/div>\n\t\t\t\t<\/div>\n\t\t\t\t<div class=\"elementor-element elementor-element-49e45cf elementor-widget elementor-widget-heading\" data-id=\"49e45cf\" data-element_type=\"widget\" data-widget_type=\"heading.default\">\n\t\t\t\t<div class=\"elementor-widget-container\">\n\t\t\t\t\t<p class=\"elementor-heading-title elementor-size-default\">Ikarus Fx ha creado una plataforma de inversi\u00f3n que permite a sus clientes y organizaciones alcanzar sus objetivos financieros en el mediano y largo plazo. Manteniendo altos est\u00e1ndares de seguridad financiera y cumpliendo con las normas internacionales de trading. <\/p>\t\t\t\t<\/div>\n\t\t\t\t<\/div>\n\t\t\t\t<\/div>\n\t\t<div class=\"elementor-element elementor-element-ade2fe8 e-con-full e-flex e-con e-child\" data-id=\"ade2fe8\" data-element_type=\"container\">\n\t\t<div class=\"elementor-element elementor-element-360a3f1 e-con-full e-flex e-con e-child\" data-id=\"360a3f1\" data-element_type=\"container\" data-settings=\"{&quot;background_background&quot;:&quot;classic&quot;}\">\n\t\t\t\t<\/div>\n\t\t<div class=\"elementor-element elementor-element-586f62f e-con-full e-flex e-con e-child\" data-id=\"586f62f\" data-element_type=\"container\" data-settings=\"{&quot;background_background&quot;:&quot;classic&quot;}\">\n\t\t\t\t<\/div>\n\t\t\t\t<\/div>\n\t\t\t\t<\/div>\n\t\t\t\t\t<\/div>\n\t\t\t\t<\/div>\n\t\t\t\t<\/div>\n\t\t","protected":false},"excerpt":{"rendered":"<p>El primer Broker mexicano de Forex. Una plataforma para tus inversiones. Ikarus Fx est\u00e1 dise\u00f1ada para brindarte una experiencia intuitiva e inteligente de inversi\u00f3n que impulse tu portafolio a nuevas alturas. Somos una empresa responsable que busca ofrecer a tus clientes los mejores instrumentos de inversi\u00f3n disponibles en mercados nacionales e internacionales. Comprometidos con tu [&hellip;]<\/p>\n","protected":false},"author":1,"featured_media":0,"parent":0,"menu_order":0,"comment_status":"closed","ping_status":"closed","template":"elementor_header_footer","meta":{"inline_featured_image":false,"footnotes":""},"class_list":["post-536","page","type-page","status-publish","hentry"],"_links":{"self":[{"href":"https:\/\/ikarusfx.com\/site\/wp-json\/wp\/v2\/pages\/536","targetHints":{"allow":["GET"]}}],"collection":[{"href":"https:\/\/ikarusfx.com\/site\/wp-json\/wp\/v2\/pages"}],"about":[{"href":"https:\/\/ikarusfx.com\/site\/wp-json\/wp\/v2\/types\/page"}],"author":[{"embeddable":true,"href":"https:\/\/ikarusfx.com\/site\/wp-json\/wp\/v2\/users\/1"}],"replies":[{"embeddable":true,"href":"https:\/\/ikarusfx.com\/site\/wp-json\/wp\/v2\/comments?post=536"}],"version-history":[{"count":37,"href":"https:\/\/ikarusfx.com\/site\/wp-json\/wp\/v2\/pages\/536\/revisions"}],"predecessor-version":[{"id":836,"href":"https:\/\/ikarusfx.com\/site\/wp-json\/wp\/v2\/pages\/536\/revisions\/836"}],"wp:attachment":[{"href":"https:\/\/ikarusfx.com\/site\/wp-json\/wp\/v2\/media?parent=536"}],"curies":[{"name":"wp","href":"https:\/\/api.w.org\/{rel}","templated":true}]}}